{"id":1403,"date":"2026-01-27T14:43:03","date_gmt":"2026-01-27T14:43:03","guid":{"rendered":"https:\/\/vantubo.be\/store_fr\/?post_type=product&#038;p=1403"},"modified":"2026-02-05T20:31:19","modified_gmt":"2026-02-05T20:31:19","slug":"fresko_smart_150","status":"publish","type":"product","link":"https:\/\/vantubo.be\/store_fr\/produit\/fresko_smart_150\/","title":{"rendered":"V FRESKO smart 150"},"content":{"rendered":"<p>FRESKO smart 150<\/p>\n<p>Syst\u00e8me de ventilation avec r\u00e9cup\u00e9ration de chaleur<\/p>\n","protected":false},"excerpt":{"rendered":"<p>FRESKO smart 150 Syst\u00e8me de ventilation avec r\u00e9cup\u00e9ration de chaleur<\/p>\n","protected":false},"featured_media":1402,"template":"","meta":[],"product_brand":[],"product_cat":[17],"product_tag":[],"class_list":{"0":"post-1403","1":"product","2":"type-product","3":"status-publish","4":"has-post-thumbnail","6":"product_cat-produits","7":"product_shipping_class-small","8":"comments-off","10":"first","11":"instock","12":"shipping-taxable","13":"purchasable","14":"product-type-simple"},"_links":{"self":[{"href":"https:\/\/vantubo.be\/store_fr\/wp-json\/wp\/v2\/product\/1403","targetHints":{"allow":["GET"]}}],"collection":[{"href":"https:\/\/vantubo.be\/store_fr\/wp-json\/wp\/v2\/product"}],"about":[{"href":"https:\/\/vantubo.be\/store_fr\/wp-json\/wp\/v2\/types\/product"}],"wp:featuredmedia":[{"embeddable":true,"href":"https:\/\/vantubo.be\/store_fr\/wp-json\/wp\/v2\/media\/1402"}],"wp:attachment":[{"href":"https:\/\/vantubo.be\/store_fr\/wp-json\/wp\/v2\/media?parent=1403"}],"wp:term":[{"taxonomy":"product_brand","embeddable":true,"href":"https:\/\/vantubo.be\/store_fr\/wp-json\/wp\/v2\/product_brand?post=1403"},{"taxonomy":"product_cat","embeddable":true,"href":"https:\/\/vantubo.be\/store_fr\/wp-json\/wp\/v2\/product_cat?post=1403"},{"taxonomy":"product_tag","embeddable":true,"href":"https:\/\/vantubo.be\/store_fr\/wp-json\/wp\/v2\/product_tag?post=1403"}],"curies":[{"name":"wp","href":"https:\/\/api.w.org\/{rel}","templated":true}]}}